{"id":134,"date":"2013-10-18T12:55:08","date_gmt":"2013-10-18T12:55:08","guid":{"rendered":"http:\/\/web.nano.cnr.it\/MoQuaS\/?page_id=134"},"modified":"2016-11-08T14:23:45","modified_gmt":"2016-11-08T14:23:45","slug":"publications","status":"publish","type":"page","link":"https:\/\/www.moquas.eu\/?page_id=134","title":{"rendered":"Publications"},"content":{"rendered":"<p><strong>2016<\/strong><\/p>\n<ol>\n<li>A case study of anisotropic exchange interaction: Ln(III) bis-(phthalocyanine)s molecular nanomagnets on Ni substrate.<br \/>\nA. Candini, D. Klar, S. Marocchi, V. Corradini, R. Biagi, V. de Renzi, U. del Pennino, F. Troiani, V. Bellini, S. Klyatskaya, M. Ruben, K. Kummer, N. B. Brookes, H. Wende, and M. Affronte.<br \/>\n<em>Scientific Report<\/em> <strong>6<\/strong>, 21740 (2016).\u00a0<a href=\"http:\/\/dx.doi.org\/10.1038\/srep21740\">doi:10.1038\/srep21740<\/a>.<\/li>\n<li>A C216-Nanographene Molecule with Defined Cavity as Extended Coronoid.<br \/>\nU. Beser, M. Kastler, A. Maghsoumi, M. Wagner, C. Castiglioni, M. Tommasini, A. Narita, X. Feng, and K. Mullen.<br \/>\n<em>J. Am. Chem. Soc.<\/em> <strong>138<\/strong>, 4322-4325 (2016). <a href=\"http:\/\/dx.doi.org\/10.1021\/jacs.6b01181\">doi:10.1021\/jacs.6b01181<\/a>.<\/li>\n<li>Addressing single molecular spin with graphene based nano-architectures.<br \/>\nA. Candini, S. Lumetti, F. Balestro, W. Wernsdorfer, and M. Affronte.<br \/>\n<em>Molecular Architechtonics<\/em>, Spinger. Ed. Ogawa Takuji (2016).<\/li>\n<li>A Stable Pentagonal-Bipyramidal Dy(III) Single-Ion Magnet with a Record Magnetization Reversal Barrier over 1000 K.<br \/>\nJ. Liu, Y-C. Chen, J-L. Liu, V. Vieru, L. Ungur, J-H. Jia, L. F. Chibotaru, Y. Lan, W. Wernsdorfer, S. Gao, X-M. Chen, and M-L. Tong.<br \/>\n<em>Journal of the American Chemical Society<\/em> <strong>138<\/strong>, 5441-5450 (2016). <a href=\"http:\/\/dx.doi.org\/\/10.1021\/jacs.6b02638\">doi:10.1021\/jacs.6b02638<\/a>.<\/li>\n<li>Bandgap engineering of graphene nanoribbons by structural distortion.<br \/>\nY. Hu, C.-A. Palma, L. A. Straas\u00f8, M. R. Hansen, J. V. Barth, E. Molinari, D. Prezzi, X. Feng, A. Narita, and K. M\u00fcllen.<br \/>\n<em>In preparation<\/em>.<\/li>\n<li>Coherently coupling distinct spin ensembles through a high-Tc superconducting resonator.<br \/>\nA. Ghirri, C. Bonizzoni, F. Troiani, N. Buccheri, L. Beverina, A. Cassinese, and M. Affronte.<br \/>\n<em>Physical Review A<\/em> <strong>93<\/strong>, 063855 (2016). <a href=\"http:\/\/dx.doi.org\/10.1103\/PhysRevA.93.063855\">doi:10.1103\/PhysRevA.93.063855<\/a>.<\/li>\n<li>Coupling molecular spin centers to microwave planar resonators: towards integration of molecular qubits in quantum circuits.<br \/>\nC. Bonizzoni, A. Ghirri, K. Bader, J. van Slageren, M. Perfetti, L. Sorace, Y. Lan, O. Fuhr, M. Rubene, and M. Affronte.<br \/>\n<em>Dalton Transactions<\/em> <strong>45<\/strong>, 16596-16603 (2016). <a href=\"http:\/\/dx.doi.org\/10.1039\/c6dt01953f\">doi:10.1039\/c6dt01953f<\/a>.<\/li>\n<li>Diamondoid Structure in a Metal Organic Framework of Fe4 Single-Molecule Magnets.<br \/>\nL. Rigamonti, C. Cotton, A. Nava, H. Lang, T. R\u00fcffer, R. Sessoli, L. Sorace, M. Perfetti, W. Wernsdorfer, Y. Lan, A-L. Barra, and A. Cornia.<br \/>\n<em>Chemistry &#8211; A European Journal<\/em> <strong>22<\/strong>, 13705-13714 (2016). <a href=\"http:\/\/dx.doi.org\/10.1002\/chem.201601383\">doi:10.1002\/chem.201601383<\/a>.<\/li>\n<li>Exciton-exciton annihilation and biexciton stimulated emission in graphene nanoribbons.<br \/>\nG. Soavi, S. Dal Conte, C. Manzoni, D. Viola, A. Narita, Y. Hu, X. Feng, U. Hohenester, E. Molinari, D. Prezzi, K. M\u00fcllen, and G. Cerullo.<br \/>\n<em>Nat. Commun.<\/em> <strong>7<\/strong>, 11010 (2016).\u00a0<a href=\"http:\/\/dx.doi.org\/doi:10.1038\/ncomms11010\">doi:10.1038\/<em>ncomms11010<\/em><\/a><\/li>\n<li>Fabrication of Three Terminal Devices by ElectroSpray Deposition of Graphene Nanoribbons.<br \/>\nP. Fantuzzi, L. Martini, A. Candini, V. Corradini, U. del Pennino, Y. Hu, X. Feng, K. M\u00fcllen, A. Narita, and M. Affronte.<br \/>\n<em>Carbon<\/em> 104, 112-118 (2016). <a href=\"http:\/\/dx.doi.org\/10.1016\/j.carbon.2016.03.052\">doi:10.1016\/j.carbon.2016.03.052<\/a>.<\/li>\n<li>Giant Hysteresis of Single-Molecule Magnets Adsorbed on a Nonmagnetic Insulator.<br \/>\nC. W\u00e4ckerlin, F. Donati, A. Singha, R. Baltic, S. Rusponi, K. Diller, F. Patthey, M. Pivetta, Y. Lan, S. Klyatskaya, M. Ruben, H. Brune, and J. Dreiser.<br \/>\n<em>Adv. Mater.<\/em>\u00a028, 5195-5199 (2016). <a href=\"http:\/\/dx.doi.org\/10.1002\/adma.201506305\">doi:10.1002\/adma.201506305<\/a>.<\/li>\n<li>Heterodimers of Heterometallic Rings.<br \/>\nG. Timco, S. Marocchi, E. Garlatti, C. Barker, M. Albring, V. Bellini, F. Manghi, E. J. L. McInnes, W. Wernsdorfer, G. Lorusso, G. Amoretti, S. Carretta, M. Affronte, and R. E. P. Winpenny.<br \/>\n<em>Dalton Transactions<\/em> (2016). DOI: 10.1039\/c6dt01941b<\/li>\n<li>Immobilization of a Polyoxometalate Single-Molecule Magnet in a Biopolymer or Metal Organic Framework Matrices.<br \/>\nW. Salomon, Y. Lan, E. Rivi\u00e8re, S. Yang, C. Roch-Marchal, A. Dolbecq, C. Simonnet-J\u00e9gat, N. Steunou, N. Leclerc-Laronze, L. Ruhlmann, T. Mallah, W. Wernsdorfer, and P. Mialane.<br \/>\n<em>Chemistry &#8211; A European Journal<\/em> <strong>22<\/strong>, 6564-6574 (2016) and front cover feature.<\/li>\n<li>Iridates from the molecular side.<br \/>\nK. S. Pedersen, J. Bendix, A. Tressaud, E. Durand, H. Weihe, Z. Salman, T. J. Morsing, D. N. Woodruff, Y. Lan, W. Wernsdorfer, C. Mathoni\u00e8re, S. Piligkos, S. I. Klokishner, S. Ostrovsky, K. Ollefs, F. Wilhelm, A. Rogalev, and R. Cl\u00e9rac.<br \/>\n<em>Nature Communications<\/em> <strong>7<\/strong>, 12195 (2016).<\/li>\n<li>On-surface synthesis of graphene nanoribbons with zigzag edge topology.<br \/>\nP. Ruffieux, S. Wang, B. Yang, C. S\u00e1nchez-S\u00e1nchez, J. Liu, T. Dienel, L. Talirz, P. Shinde, C. A. Pignedoli, D. Passerone, T. Dumslaff, X. Feng, K. M\u00fcllen, and R. Fasel.<br \/>\n<em>Nature<\/em> <strong>531<\/strong>, 489-492 (2016).<\/li>\n<li>Quantum Einstein-de Haas Effect.<br \/>\nM. Ganzhorn, S. Klyatskaya, M. Ruben, and W. Wernsdorfer.<br \/>\n<em>Nature Comms<\/em> <strong>7<\/strong>, 11443 (2016).<\/li>\n<li>Raman Fingerprints of Atomically Precise Graphene Nanoribbons.<br \/>\nI. A. Verzhbitskiy, M. D. Corato, A. Ruini, E. Molinari, A. Narita, Y. Hu, M. G. Schwab, M. Bruna, D. Yoon, S. Milana, X. Feng, K. M\u00fcllen, A. C. Ferrari, C. Casiraghi, and D. Prezzi.<br \/>\n<em>Nano Lett.<\/em> <strong>16<\/strong>, 3442-3447 (2016).<\/li>\n<li>Rationally Designed Tetrahedral Co(II) Single-Ion Magnets: What governs the Magnitude and Sign of Magnetic Anisotropy?<br \/>\nS. Vaidya, S. Tewary, S. Kumar Singh, S. K. Langley, K. S. Murray, Y. Lan, W. Wernsdorfer, G. Rajaraman, and M. Shanmugam.<br \/>\n<em>Inorganic Chemistry<\/em> online (2016).<\/li>\n<li>Relay-like exchange mechanism between bis(phthalocyaninato) Terbium molecules and Ni(111) substrates across a graphene layer.<br \/>\nS. Marocchi, A. Candini, V. Corradini, R. Biagi, U. del Pennino, M. Affronte, A. Soncini, and V. Bellini.<br \/>\n<em>ACS nano<\/em> in press (2016).<\/li>\n<li>Single-Molecule Magnet (SMM) Behavior in 2,2\u2019-Bipyrimidine-bridged Dilanthanide Complexes.<br \/>\nW. Yu, F. Schramm, E. M. Pineda, Y. Lan, O. Fuhr, J. Chen, H. Isshiki, W. Wernsdorfer, W. Wulfhekel, and M. Ruben.<br \/>\n<em>Beilstein Journal of Nanotechnology<\/em> <strong>7<\/strong>, 126-137 (2016).<\/li>\n<li>Single-molecule devices with graphene electrodes.<br \/>\nS. Lumetti, A. Candini, C. Godfrin, F. Balestro, W. Wernsdorfer, S. Klyatskaya, M. Ruben, and M. Affronte.<br \/>\n<em>Dalton Transactions<\/em> (2016). DOI: 10.1039\/C6DT02445A<\/li>\n<li>Synthesis of graphene nanoribbons by ambient-pressure chemical vapour deposition and device integration. Z. Chen, W. Zhang, C.-A. Palma, A. Lodi Rizzini, B. Liu, A. Abbas, N. Richter, L. Martini, X.-Y Wang, N. Cavani, H. Lu, N. Mishra, C. Coletti, R. Berger, F. Klappenberger, M. Kl\u00e4ui, A. Candini, M. Affronte, C. Zhou, V. De Renzi, U. del Pennino, J. V. Barth, H. J. R\u00e4der, A. Narita, X. Feng, and K. M\u00fcllen.<br \/>\n<em>Submitted <\/em>(2016).<\/li>\n<li>Synthesis of Stable Nanographenes with OBO-Doped Zigzag Edges Based on Tandem Demethylation-Electrophilic Borylation<br \/>\nX.-Y. Wang, A. Narita, W. Zhang, X. Feng, and K. M\u00fcllen.<br \/>\n<em>J. Am. Chem. Soc.<\/em> <strong>138<\/strong>, 9021-9024 (2016).<\/li>\n<li>Supramolecular 3d-4f Single-Molecule Magnet Architecture.<br \/>\nS. Schmitz, J. van Leusen, N. Izarova, Y. Lan, W. Wernsdorfer, P. K\u00f6gerler, and K. Yu. Monakhov.<br \/>\n<em>Dalton Transactions<\/em> online (2016).<\/li>\n<li>Thin layers of Molecular Nanomagnets<br \/>\nA. Cornia, D. Taham, M. Affronte, chapter in book Molecular Magnetic Materials. Concepts and applications. Ed. Barbara Sieklucka Wiley (2016).<\/li>\n<li>Ultra high photoresponsivity with field effect control in a all graphene device.<br \/>\nL. Martini, Z. Chen, N. Mishra, C. Coletti, A. Narita, X. Feng, K. M\u00fcllen, M. Affronte, and A. Candini.<br \/>\n<em>Submitted <\/em>(2016).<\/li>\n<\/ol>\n<p><!--more--><\/p>\n<p><!--more--><\/p>\n<p><strong>2015<\/strong><\/p>\n<ol>\n<li>Bis-Phthalocyaninato Lanthanide (III) Complexes- From Molecular Magnetism to Spintronic Devices.<br \/>\nY. Lan, S. Klyatskaya, and M. Ruben.<br \/>\nBook chapter, VCH, Germany, 232\u201394 (2015). DOI: 10.1002\/9783527673476.ch8<\/li>\n<li>Controlling the spin texture of topological insulators by rational design of organic molecules.<br \/>\nS. Jakobs, A. Narayan, B. Stadtm\u00fcller, A. Droghetti A, I. Rungger, Y.S. Hor, S. Klyatskaya, D. Junkenn, J. St\u00f6ckl, M. Laux, O.L.M. Momti, M. Aeschlimann, R.J. Cava, M. Ruben, S. Mathias, S. Sanvito, and M. Cinchetti.<br \/>\n<em>Nano Letters<\/em> <strong>15<\/strong>, 6022\u20139 (2015). DOI: 10.1021\/acs.nanolett.5b02213<\/li>\n<li>Electroburning of few-layer graphene flakes, epitaxial graphene, and turbostratic graphene discs in air and under vacuum.<br \/>\nA. Candini, N. Richter, D. Convertino, C. Coletti, F. Balestro, W. Wernsdorfer, M. Kl\u00e4ui, and M. Affronte.<br \/>\n<em>Beilstein J. Nanotechnol<\/em>. <strong>6<\/strong>, 711 (2015).<\/li>\n<li>Exchange bias of TbPc2 molecular magnets on antiferromagnetic FeMn and ferromagnetic Fe films.<br \/>\nC. Nistor, C. Krull, A. Mugarza, S. Stepanow, C. Stamm, M. Soares,S. Klyatskaya, M. Ruben, and P. Gambardella.<br \/>\n<em>Phys. Rev. B<\/em> <strong>92<\/strong>, 184402 (2015). DOI: 10.1103\/PhysRevB.92.184402<\/li>\n<li>Exfoliation of graphene via wet chemical routes.<br \/>\nK. Parvez, S. Yang, X. Feng, and K. M\u00fcllen.<br \/>\n<em>Synth. Met<\/em>. <strong>210<\/strong>, Part A, 123-132 (2015).<\/li>\n<li>\u00a0Kondo effect in binuclear metal-organic complexes with weakly interacting spins.L. Zhang, A. Bagrets, D. Xenioti, R. Koryt\u00e1r, M. Schackert, T. Miyamachi, F. Schramm, O. Fuhr, R. Chandrasekar, M. Alouani, M. Ruben, W. Wulfhekel, and F. Evers.<br \/>\n<em>Phys. Rev. B<\/em> <strong>91<\/strong>, 195424 (2015). DOI: 10.1103\/PhysRevB.91.195424<\/li>\n<li>Magnetic interaction between a radical spin and a Single-Molecule Magnet in a Molecular Spin-Valve.<br \/>\nM. Urdampilleta, S. Klyatskaya, M. Ruben, and W. Wernsdorfer.<br \/>\n<em>ACS Nano<\/em> <strong>9<\/strong>, 4458\u201364 (2015). DOI: 10.1021\/acsnano.5b01056<\/li>\n<li>Molecular materials &#8211; towards quantum properties.<br \/>\nM. Ruben.<br \/>\n<em>Beilstein J. Nanotechnol<\/em>. <strong>6<\/strong>, 1485\u20136 (2015). DOI: 10.3762\/bjnano.6.153.<\/li>\n<li>Self-assembly of bis(phthalocyaninato)terbium on metal surfaces.<br \/>\nZ. Deng, S. Rauschenbach, S. Stepanow, S. Klyatskaya, M. Ruben, and K. Kern.<br \/>\nPhys. Scr. <strong>90<\/strong>, 098003 (2015). DOI: 10.1088\/0031-8949\/90\/9\/098003.<\/li>\n<li>Synthesis, characterization, monolayer assembly and 2D lanthanide coordination of a linear terphenyl-di(propiolonitrile) linker on Ag(111).<br \/>\nZ. Chen, S. Klyatskaya, J. I. Urgel, D. \u00c9cija, O. Fuhr, W. Auw\u00e4rter, J. V. Barth, and M. Ruben.<br \/>\nBeilstein J. <em>Nanotechnol.<\/em> <strong>6<\/strong>, 327\u201335 (2015). DOI: 10.3762\/bjnano.6.31<\/li>\n<li>Tuning the Ising-type Anisotropy in Trigonal Bipyramidal Co(II) Complexes.<br \/>\nF. Shao, B. Cahier, N. Guihe\u0301ry, E. Rivi\u00e8re, R. Guillot, A.-L. Barra, Y. Lan, W. Wernsdorfer, V. E. Campbell, and T. Mallah.<br \/>\n<em>Chemical Communications<\/em> <strong>51<\/strong>, 16475-16478, cover feature (2015).<\/li>\n<li>Tuning the magneto-optical response of TbPc2 single molecule magnets by the choice of the substrate.<br \/>\nP. Robaschik, M. Fronk, M. Toader, S. Klyatskaya, F. Ganss, P. F. Siles, O. G. Schmidt, M. Albrecht, M. Hietschold, M. Ruben, D. R. T. Zahn, and G. Salvan.<br \/>\n<em>J. Mater. Chem. C<\/em> <strong>3<\/strong>, 8039\u201349 (2015). DOI: 10.1039\/C5TC01520K<\/li>\n<\/ol>\n<p><strong>2014<\/strong><\/p>\n<ol>\n<ol>\n<ol>\n<li>Bis-Phthalocyaninato Lanthanide (III) Complexes- From Molecular Magnetism to Spintronic Devices.Y. Lan, S. Klyatskaya, and M. Ruben.<br \/>\nBook chapter 2014 in press. Editor: R. Layfield and M. Murugesu, \u201c<em>Molecular Magnetism in Lanthanides and Actinides<\/em>\u201d, Wiley-VCH, Nov. 2014.<\/li>\n<li>Bottom-Up Synthesis of Liquid-Phase-Processable Graphene Nanoribbons with Near-Infrared Absorption.<br \/>\nA. Narita, I. Verzhbitskiy, W. Frederickx, K. S. Mali, S. A. Jensen, M. R. Hansen, M. Bonn, S. De Feyter, C. Casiraghi, X. Feng, <em>et al<\/em>.<br \/>\n<em>ACS Nano<\/em>\u00a0<strong>8<\/strong>, 11622-11630 (2014).\u00a0<a href=\"http:\/\/dx.doi.org\/10.1021\/nn5049014\" target=\"_blank\">DOI<strong>: <\/strong>10.1021\/nn5049014<\/a>.<\/li>\n<li>Chemical tuning of the magnetic relaxation in dysprosium(III) mononuclear complexes.<br \/>\nL. J. Batchelor, I. Cimatti, R. Guillot, F. Tuna, W. Wernsdorfer, L. Ungur, L. F. Chibotaru, V. E. Campbell, and T. Mallah.<br \/>\n<em>Dalton Transactions<\/em> <strong>43<\/strong>, 12146-12149 (2014).\u00a0<a href=\"http:\/\/dx.doi.org\/10.1039\/C4DT00846D\">DOI: 10.1039\/C4DT00846D<\/a>.<\/li>\n<li style=\"text-align: justify;\">Coherent electrical manipulation of a single nuclear spin.<br \/>\nS. Thiele, F. Balestro, R. Ballou, S. Klyatskaya, M. Ruben, and W. Wernsdorfer<br \/>\n<em>Science<\/em> <b>344<\/b>, 1135-8\u00a0(2014). DOI: <a href=\"http:\/\/dx.doi.org\/10.1126\/science.1249802\" target=\"_blank\">10.1126\/science.1249802<\/a><\/li>\n<li style=\"text-align: justify;\">Coupling of single, double, and triple-decker metal-phthalocyanine complexes to ferromagnetic and antiferromagnetic substrates.<br \/>\nA. Lodi Rizzini, C. Krull, A. Mugarza, T. Balashov, C. Nistor, R. Piquerel, S. Klyatskaya, M. Ruben, P. M. Sheverdyaeva, P. Moras, C. Carbone, C. Stamm, P. S. Miedema, P. K. Thakur, V. Sessi, M. Soares, F. Yakhou-Harris, J. C. Cezar, S. Stepanow, and P. Gambardella.<br \/>\n<em>Surf. Sci.<\/em>\u00a0<strong>630<\/strong>, 361\u201374 (2014). <a href=\"http:\/\/dx.doi.org\/10.1016\/j.susc.2014.07.008\" target=\"_blank\">DOI: 10.1016\/j.susc.2014.07.008<\/a>.<\/li>\n<li>Deposition, Characterization, and Thin-Film-Based Chemical Sensing of Ultra-long Chemically Synthesized Graphene Nanoribbons.<br \/>\nA. N. Abbas, G. Liu, A. Narita, M. Orosco, X. Feng, K. Muellen, and C. Zhou.<br \/>\n<em>Journal of the American Chemical Society<\/em> <strong>136<\/strong>, 7555-7558 (2014). <a href=\"http:\/\/dx.doi.org\/10.1021\/ja502764d\">DOI: 10.1021\/ja502764d<\/a><\/li>\n<li>Detection of multipartite entanglement in spin rings by use of exchange energy.<br \/>\nI. Siloi and F. Troiani.<br \/>\n<em>Phys. Rev. A<\/em> <strong>90<\/strong>, 042328 (2014). <a href=\"http:\/\/dx.doi.org\/10.1103\/PhysRevA.90.042328\" target=\"_blank\">DOI:\u00a010.1103\/PhysRevA.90.042328<\/a>.<\/li>\n<li>Domain wall pinning in ultra-narrow electromigrated break junctions<br \/>\nRobert M Reeve, Andr\u00e9 Loescher, Mohamad-Assaad Mawass, Regina Hoffmann-Vogel and Mathias Klaui (2014).<br \/>\n<em>J. Phys: Cond Matt<\/em> <strong>26<\/strong>, 474207. <a href=\"http:\/\/dx.doi.org\/10.1088\/0953-8984\/26\/47\/474207\" target=\"_blank\">DOI:10.1088\/0953-8984\/26\/47\/474207<\/a>.<\/li>\n<li style=\"text-align: justify;\">Electrically driven nuclear spin resonance in single-molecule magnets.<br \/>\nS. Thiele, F. Balestro, R. Ballou, S. Klyatskaya, M. Ruben, and W. Wernsdorfer.<br \/>\n<em>Science<\/em> <strong>344<\/strong>, 1135-8 (2014). <a href=\"http:\/\/dx.doi.org\/10.1126\/science.1249802\" target=\"_blank\">DOI: 10.1126\/science.1249802<\/a>.<\/li>\n<li>Entanglement swapping with energy-polarization-entangled photons from quantum dot cascade decay.<br \/>\nF. Troiani.<br \/>\n<em>Phys Rev B<\/em> <strong>90<\/strong>, 245419 (2014). <a href=\"http:\/\/dx.doi.org\/10.1103\/PhysRevB.90.245419\" target=\"_blank\">DOI: 10.1103\/PhysRevB.90.245419<\/a>.<\/li>\n<li>Field-regulated switching of the magnetization of Co-porphyrin on graphene.<br \/>\nD. Klar, S. Bhandary, A. Candini, L. Joly, P. Ohresser, S. Klyatskaya, M. Schleberger, M. Ruben, M. Affronte, O. Eriksson, B. Sanyal, and H. Wende.<br \/>\n<em>Phys. Rev. B<\/em> <strong>89<\/strong>, 144411 (2014). DOI: <a href=\"http:\/\/dx.doi.org\/10.1103\/PhysRevB.89.144411\" target=\"_blank\">10.1103\/PhysRevB.89.144411<\/a><\/li>\n<li>Hysteretic behaviour in a vacuum deposited submonolayer of single ion magnets.<br \/>\nD. Klar, A. Candini, L. Joly, S. Klyatskaya, B. Krumme, P. Ohresser, J.-P. Kappler, M. Ruben, and H. Wende.<br \/>\n<em>Dalton Trans<\/em>. <strong>43<\/strong>, 10686-10689 (2014). DOI: <a href=\"http:\/\/dx.doi.org\/10.1039\/C4DT01005A\">10.1039\/C4DT01005A<\/a><\/li>\n<li>Layer-by-Layer Assembled Heteroatom-Doped Graphene Films with Ultrahigh Volumetric Capacitance and Rate Capability for Micro-Supercapacitors.<br \/>\nZ. S. Wu, K. Parvez, A. Winter, H. Vieker, X. J. Liu, S. Han, A. Turchanin, X. L. Feng, and K. Mullen.<br \/>\n<em>Advanced Materials<\/em> 26, 4552-4558 (2014). <a href=\"http:\/\/dx.doi.org\/10.1002\/adma.201401228\">DOI: 10.1002\/adma.201401228<\/a>.<\/li>\n<li style=\"text-align: justify;\">Optical properties and electrical transport of thin films of terbium(III) bis(phthalocyanine) on cobalt.<br \/>\nP. Robaschik, P. F. Siles, D. B\u00fclz, P. Richter, M. Monecke, M. Fronk, S. Klyatskaya, D. Grimm, O. G. Schmidt, M. Ruben, D. R. T. Zahn, and G. Salvan.<br \/>\n<em>Beilstein J. Nanotechnol<\/em>., 5, 2070-8 (2014). <a href=\"http:\/\/dx.doi.org\/10.3762\/bjnano.5.215\" target=\"_blank\">DOI: 10.3762\/bjnano.5.215<\/a>.<\/li>\n<li>Potentialities of Molecular Nanomagnets for Information Technologies.<br \/>\nM. Affronte and F. Troiani, chapter in the book <em>Molecular Magnets<\/em> p. 249-273, NanoScience and Technology, J. Bartolom\u00e9 et al. (eds.), \u00a9 Springer-Verlag Berlin Heidelberg (2014). DOI: <a href=\"http:\/\/dx.doi.org\/10.1007\/978-3-642-40609-6_10\" target=\"_blank\">10.1007\/978-3-642-40609-6_10<\/a><\/li>\n<li>Quantum Computation with Molecular Nanomagnets: achivements, challenges and new trends.<br \/>\nA. Ghirri, F. Troiani, and M. Affronte, in press in\u00a0<em>Molecular Nanomagnets and Related Phenomena &#8211; Structure and Bonding<\/em> Ed. Song Gao Springer (2014). DOI: <a href=\"http:\/\/dx.doi.org\/10.1007\/430_2014_145\" target=\"_blank\">10.1007\/430_2014_145<\/a><\/li>\n<li style=\"text-align: justify;\">X-ray Crystallographic Analysis of a Custom Designed Bis(phthalocyaninato)-Tb<sup>III<\/sup>\u00a0Single Molecular Magnet as a Fundamental Unit for Supramolecular Spintronic Devices.<br \/>\nS. Klyatskaya, A. Eichhoefer, and W. Wernsdorfer.<br \/>\n<em>Eur. J. Inorg. Chem.<\/em> <strong>2014<\/strong>, 4179-4185 (2014).\u00a0DOI: <a href=\"http:\/\/dx.doi.org\/10.1002\/ejic.201402421\">10.1002\/ejic.201402421<\/a>.<\/li>\n<\/ol>\n<\/ol>\n<\/ol>\n<p><strong>2013<\/strong><\/p>\n<ol>\n<ol>\n<ol>\n<ol>\n<li>Antiferromagnetic coupling of <sub>2<\/sub> molecules to ultrathin Ni and Co films.<br \/>\nD. Klar, S. Klyatskaya, A. Candini, B. Krumme, K. Kummer, P. Ohresser, V. Corradini, V. de Renzi, R. Biagi, L. Joly, J.-P. Kappler, U. del Pennino, M. Affronte, H. Wende, and M. Ruben.<br \/>\n<em>Beilstein J. Nanotechnol.<\/em> <strong>4<\/strong>, 320\u2013324 (2013). DOI: <a href=\"http:\/\/dx.doi.org\/10.3762\/bjnano.4.36\" target=\"_blank\">10.3762\/bjnano.4.36<\/a><\/li>\n<li>Pure spin current-induced domain wall motion probed by localized spin signal detection.<br \/>\nN. Motzko, B. Burkhardt, N. Richter, R. Reeve, P. Laczkowski, W. Savero Torres, L. Vila, J.-P. Attan\u00e9, and M. Kl\u00e4ui.<br \/>\n<em>Phys. Rev. B<\/em> <strong>88<\/strong>, 214405 (2013). DOI: <a href=\"http:\/\/dx.doi.or\/10.1103\/PhysRevB.88.214405\" target=\"_blank\">10.1103\/PhysRevB.88.214405<\/a><\/li>\n<\/ol>\n<\/ol>\n<\/ol>\n<\/ol>\n<p><strong>Previous publications<\/strong><\/p>\n<ol>\n<ol>\n<ol>\n<li>L.\u00a0Bogani and W.\u00a0Wernsdorfer, <em>Nature Mat<\/em>. <strong>7<\/strong>, 179 (2008). <a href=\"http:\/\/dx.doi.org\/10.1038\/nmat2133\" target=\"_blank\">Doi:10.1038\/nmat2133<\/a><\/li>\n<li>S. Klyatskaya\u00a0<em>et. al.<\/em>, <em>J. Am. Chem. Soc.<\/em> 15143 (2009). <a href=\"http:\/\/dx.doi.org\/10.1021\/ja906165e\" target=\"_blank\">Doi: 10.1021\/ja906165e<\/a> \u00a0<a style=\"color: #c4302b;\" href=\"http:\/\/dx.doi.org\/10.1021\/ja906165e\" target=\"_blank\"><br \/>\n<\/a><\/li>\n<li>M. Lopes <em>et.al.<\/em>, <em>ACS Nano<\/em> <strong>4<\/strong>, 7531 (2010). <a href=\"http:\/\/dx.doi.org\/10.1021\/nn1018363\" target=\"_blank\">Doi:\u00a010.1021\/nn1018363<\/a><\/li>\n<li>J. Cai, <em>et al.<\/em>, <em>Nature<\/em> <strong>466<\/strong>, 470 (2010). <a href=\"http:\/\/dx.doi.org\/10.1038\/nature09211\" target=\"_blank\">Doi:\u00a010.1038\/nature09211<\/a><\/li>\n<li>F. Troiani and M. Affronte, <em>Chem. Soc. Rev.<\/em> <strong>40<\/strong>, 3119 (2011). <a href=\"http:\/\/dx.doi.org\/10.1039\/c0cs00158a\" target=\"_blank\">Doi:\u00a010.1039\/c0cs00158a<\/a><\/li>\n<li>M. Urdampilleta <em>et al.<\/em>, <em>Nature Mat.<\/em> <strong>10<\/strong>, 502 (2011). <a href=\"http:\/\/dx.doi.org\/10.1038\/NMAT3050\" target=\"_blank\">Doi:\u00a010.1038\/NMAT3050<\/a><\/li>\n<li>A. Candini <em>et al.<\/em>, <em>Nano Lett.<\/em> <strong>11<\/strong>, 2634 (2011).\u00a0<a href=\"http:\/\/dx.doi.org\/10.1021\/nl2006142\">Doi:\u00a010.1021\/nl2006142<\/a><\/li>\n<li>R. Vincent <em>et al.<\/em>, <em>Nature<\/em> <strong>488<\/strong>, 357 (2012). <a href=\"http:\/\/dx.doi.org\/10.1038\/nature11341\">Doi:\u00a010.1038\/nature11341<\/a><\/li>\n<li>A. K. Patra <em>et al.<\/em>, <em>Phys. Rev. B<\/em> <strong>82<\/strong>, 134447 (2010). <a href=\"http:\/\/dx.doi.org\/10.1103\/PhysRevB.82.134447\">Doi:\u00a010.1103\/PhysRevB.82.134447<\/a><\/li>\n<li>R. Hoffmann <em>et al.<\/em>, <em>Appl. Phys. Lett.<\/em> <strong>93<\/strong>, 043118 (2008).<a href=\"http:\/\/dx.doi.org\/10.1063\/1.2965121\"> Doi:\u00a010.1063\/1.2965121<\/a><\/li>\n<li>Y.R. Hernandez <em>et al.<\/em>,\u00a0<a href=\"http:\/\/arxiv.org\/abs\/1301.6087\">http:\/\/arxiv.org\/abs\/1301.6087<\/a><\/li>\n<\/ol>\n<\/ol>\n<\/ol>\n","protected":false},"excerpt":{"rendered":"<p>2016 A case study of anisotropic exchange interaction: Ln(III) bis-(phthalocyanine)s molecular nanomagnets on Ni substrate. A. Candini, D. Klar, S. Marocchi, V. Corradini, R. Biagi, V. de Renzi, U. del Pennino, F. Troiani, V. Bellini, S. Klyatskaya, M. Ruben, K. Kummer, N. B. Brookes, H. Wende, and M. Affronte. Scientific Report 6, 21740 (2016).\u00a0doi:10.1038\/srep21740. A [&hellip;]<\/p>\n","protected":false},"author":2,"featured_media":143,"parent":0,"menu_order":0,"comment_status":"closed","ping_status":"closed","template":"","meta":{"footnotes":""},"class_list":["post-134","page","type-page","status-publish","has-post-thumbnail","hentry"],"_links":{"self":[{"href":"https:\/\/www.moquas.eu\/index.php?rest_route=\/wp\/v2\/pages\/134","targetHints":{"allow":["GET"]}}],"collection":[{"href":"https:\/\/www.moquas.eu\/index.php?rest_route=\/wp\/v2\/pages"}],"about":[{"href":"https:\/\/www.moquas.eu\/index.php?rest_route=\/wp\/v2\/types\/page"}],"author":[{"embeddable":true,"href":"https:\/\/www.moquas.eu\/index.php?rest_route=\/wp\/v2\/users\/2"}],"replies":[{"embeddable":true,"href":"https:\/\/www.moquas.eu\/index.php?rest_route=%2Fwp%2Fv2%2Fcomments&post=134"}],"version-history":[{"count":55,"href":"https:\/\/www.moquas.eu\/index.php?rest_route=\/wp\/v2\/pages\/134\/revisions"}],"predecessor-version":[{"id":232,"href":"https:\/\/www.moquas.eu\/index.php?rest_route=\/wp\/v2\/pages\/134\/revisions\/232"}],"wp:featuredmedia":[{"embeddable":true,"href":"https:\/\/www.moquas.eu\/index.php?rest_route=\/wp\/v2\/media\/143"}],"wp:attachment":[{"href":"https:\/\/www.moquas.eu\/index.php?rest_route=%2Fwp%2Fv2%2Fmedia&parent=134"}],"curies":[{"name":"wp","href":"https:\/\/api.w.org\/{rel}","templated":true}]}}